{"id":1949,"date":"2012-09-18T11:04:23","date_gmt":"2012-09-18T10:04:23","guid":{"rendered":"http:\/\/www.muelka.com\/?page_id=1949"},"modified":"2013-10-01T17:22:29","modified_gmt":"2013-10-01T16:22:29","slug":"grillmeister","status":"publish","type":"page","link":"http:\/\/www.muelka.com\/?page_id=1949","title":{"rendered":"Grillnoob"},"content":{"rendered":"<p><a href=\"https:\/\/i2.wp.com\/www.muelka.com\/wp-content\/uploads\/CIMG3693_1.jpg\"><img loading=\"lazy\" class=\"alignright size-thumbnail wp-image-2291\" title=\"CIMG3693_1\" alt=\"\" src=\"https:\/\/i1.wp.com\/www.muelka.com\/wp-content\/uploads\/CIMG3693_1-150x150.jpg?resize=150%2C150\" width=\"150\" height=\"150\" data-recalc-dims=\"1\" \/><\/a>Hier werdet ihr nach und nach leckeres gegrilltes sehen und lesen, das wir selbstverst\u00e4ndlich selbst zubereitet und nat\u00fcrlich auch schon verspeist haben. Tipps zu Gew\u00fcrzen, Marinaden wird es geben aber auch Equipment-Tipps werden hier zu finden sein.<\/p>\n<p>Unser Grill: <a title=\"Weber Grill\" href=\"http:\/\/www.weber-grill.de\/One-Touch-Premium-Schwarz-Special-Edition_detail_2762_14.html\" target=\"_blank\">One Touch Premium Schwarz Special Edition<\/a> &gt;57cm&lt;<\/p>\n<p>&nbsp;<\/p>\n<p>&nbsp;<\/p>\n<p>&nbsp;<\/p>\n<p><strong>19. September 2012<\/strong><br \/>\nDer erste Equipment &#8211; Tipp<br \/>\nMan muss nicht unbedingt den doch sehr teuren <a href=\"http:\/\/www.weber-grillen.de\/Weber-Grillzubehoer\/Zubehoer-Weber-Style\/Weber-Style-Spare-Rib-Halter::2096.html\" target=\"_blank\">Spareribs-Halter von Weber<\/a> kaufen. Klar, er sieht schick aus, aber es geht auch g\u00fcnstiger und zwar bei IKEA. Dort gibt es aus Edelstahl einen sogenannten Deckelhalter, der ist auch noch von der L\u00e4nger her einstellbar &gt;&gt;<a title=\"Spareribs Halter\" href=\"http:\/\/www.ikea.com\/de\/de\/catalog\/products\/70154800\/\" target=\"_blank\">LINK<\/a>&lt;&lt;<\/p>\n","protected":false},"excerpt":{"rendered":"<p>Hier werdet ihr nach und nach leckeres gegrilltes sehen und lesen, das wir selbstverst\u00e4ndlich selbst zubereitet und nat\u00fcrlich auch schon verspeist haben. Tipps zu Gew\u00fcrzen, Marinaden wird es geben aber auch Equipment-Tipps werden hier zu finden sein. Unser Grill: One Touch Premium Schwarz Special Edition &gt;57cm&lt; &nbsp; &nbsp; &nbsp; 19. September 2012 Der erste Equipment &hellip; <\/p>\n","protected":false},"author":1,"featured_media":0,"parent":0,"menu_order":2,"comment_status":"open","ping_status":"open","template":"","meta":{"spay_email":""},"jetpack_likes_enabled":true,"jetpack_sharing_enabled":true,"_links":{"self":[{"href":"http:\/\/www.muelka.com\/index.php?rest_route=\/wp\/v2\/pages\/1949"}],"collection":[{"href":"http:\/\/www.muelka.com\/index.php?rest_route=\/wp\/v2\/pages"}],"about":[{"href":"http:\/\/www.muelka.com\/index.php?rest_route=\/wp\/v2\/types\/page"}],"author":[{"embeddable":true,"href":"http:\/\/www.muelka.com\/index.php?rest_route=\/wp\/v2\/users\/1"}],"replies":[{"embeddable":true,"href":"http:\/\/www.muelka.com\/index.php?rest_route=%2Fwp%2Fv2%2Fcomments&post=1949"}],"version-history":[{"count":12,"href":"http:\/\/www.muelka.com\/index.php?rest_route=\/wp\/v2\/pages\/1949\/revisions"}],"predecessor-version":[{"id":3333,"href":"http:\/\/www.muelka.com\/index.php?rest_route=\/wp\/v2\/pages\/1949\/revisions\/3333"}],"wp:attachment":[{"href":"http:\/\/www.muelka.com\/index.php?rest_route=%2Fwp%2Fv2%2Fmedia&parent=1949"}],"curies":[{"name":"wp","href":"https:\/\/api.w.org\/{rel}","templated":true}]}}