{"id":1961,"date":"2012-09-18T16:18:20","date_gmt":"2012-09-18T15:18:20","guid":{"rendered":"http:\/\/www.muelka.com\/?page_id=1961"},"modified":"2013-01-22T15:20:13","modified_gmt":"2013-01-22T14:20:13","slug":"baby-back-ribs-mit-sus-saurer-glasur","status":"publish","type":"page","link":"http:\/\/www.muelka.com\/?page_id=1961","title":{"rendered":"Baby Back Ribs mit s\u00fc\u00df saurer Glasur"},"content":{"rendered":"<p><strong>Zubereitungszeit: <\/strong>20 min.<strong><a href=\"https:\/\/i0.wp.com\/www.muelka.com\/wp-content\/uploads\/CIMG3691.jpg\"><img loading=\"lazy\" class=\"alignright  wp-image-1970\" title=\"CIMG3691\" alt=\"\" src=\"https:\/\/i2.wp.com\/www.muelka.com\/wp-content\/uploads\/CIMG3691-300x225.jpg?resize=219%2C165\" width=\"219\" height=\"165\" data-recalc-dims=\"1\" \/><\/a><\/strong><br \/>\n<strong>\u00a0Grillmethode: <\/strong>Indirekte niedrige Hitze (120-150 C)<br \/>\n<strong>Grillzeit:<\/strong> 3 &#8211; 4 Std.<br \/>\n<strong>Zubeh\u00f6r:<\/strong> Spare-Rib-Halter<br \/>\n<strong>\u00a0F\u00dcR DIE MARINADE:<\/strong><\/p>\n<p>250 ml s\u00fc\u00dfe Chilisauce (Asia-Laden)<br \/>\n250 ml Wasser<br \/>\nAbgeriebene Schale von 3 Bio-Limetten<br \/>\n5 ml frisch gepresster Limettensaft<br \/>\n4 gro\u00dfe Knoblauchzehen, gesch\u00e4lt<br \/>\n4 EL Sojasauce<strong><a href=\"https:\/\/i1.wp.com\/www.muelka.com\/wp-content\/uploads\/CIMG3693.jpg\"><img loading=\"lazy\" class=\"alignright  wp-image-1971\" title=\"CIMG3693\" alt=\"\" src=\"https:\/\/i2.wp.com\/www.muelka.com\/wp-content\/uploads\/CIMG3693-300x225.jpg?resize=221%2C167\" width=\"221\" height=\"167\" data-recalc-dims=\"1\" \/><\/a><\/strong><br \/>\n3 EL grob gehackter frischer Ingwer<br \/>\n3 Baby Back Ribs aus der Kotelettrippe,<br \/>\nje 1-1,25 kg<br \/>\n4 Handvoll Hickory-Holzchips,<br \/>\nmind. 30 min. gew\u00e4ssert<br \/>\n1 EL grobes Meersalz<\/p>\n<p>&nbsp;<\/p>\n<p>&nbsp;<\/p>\n<p>1.Die Zutaten f\u00fcr die Marinade in einem Standmixer etwa 1 min. p\u00fcrieren. Davon ca. 250ml als Sauce zum Bestreichen beiseitestellen.<\/p>\n<p><strong>2.<\/strong> Die d\u00fcnne Haut von der R\u00fcckseite der Ribs entfernen. Die Ribs auf der Fleischseite salzen und mit der restlichen Marinade bestreichen. Die Ribs kann man jetzt ruhig noch 30 min. stehen lassen und sich derweilen um den Grill k\u00fcmmern, den die Ribs brauchen indirekte niedrige Hitze.<\/p>\n<p><strong>3.<\/strong> Wenn der Grill eine Temperatur von 175 C hat, 2 H\u00e4nde voll Hickorychips auf die Kohle legen. Dadurch dass das Holz noch feucht ist, geht die Temperatur ein bisschen runter. Den Rib-Halter auf den Rost stellen (\u00fcber die Wasserschale und nicht \u00fcber die Kohle, da wir <strong>indirekte niedrige Hitze<\/strong> brauchen) und die Baby-Ribs mit der Knochenseite in Richtung Glut stellen. Den Deckel unsere Grills schlie\u00dfen und 1 Std r\u00e4uchern lassen. W\u00e4hrend dieser Zeit die Temperatur durch \u00d6ffnen und Schlie\u00dfen des L\u00fcftungsschiebers die Temeratur zwischen 120-150 C halten.<\/p>\n<p><strong>4.<\/strong> Nach 1 Std. 8-10 frische Briketts und 2 Handvoll Holzchips auf die Glut legen. DIe Ribs kurz aus dem Halter nehmen und auf ein Blech legen. Auf beiden Seiten <strong>DICK<\/strong> mit der Marinade bestreichen und wieder in den Halter platzieren, aber diesmal mit der Fleischseite Richtung Glut.<\/p>\n<p><strong>5.<\/strong> Nach 2 Std. abermals die Ribs vom Halter nehmen, die Marinade <strong>DICK<\/strong> auf beide Seiten auftragen und diesmal wieder die Fleischseite Richtung Glut, <strong>ABER<\/strong> diesmal die Seite die unten war, muss nach oben zeigen.<\/p>\n<p><strong>6.<\/strong> Nach 3 Std. die Ribs wieder beidseitung <strong>DICK<\/strong> bestreichen und jetzt noch einmal die Knochenseite in Richtung Glut bzw schaut am besten selbst wo sie noch st\u00e4rker &#8222;behitzt&#8220; werden m\u00fcssen.<\/p>\n<p><strong>7.<\/strong> Nach 3,5 &#8211; 4 Std schauen wie weit die Ribs sind. 10 -15 min. bevor ihr sie runter nehmt noch einmal mit Marinade bestreichen (f\u00fcr den finalen Geschmack). Wenn ca. 5mm der Knochenenden frei liegen, d\u00fcrfte die Ribs fertig sein. Muss aber jeder selbst wissen wir man sie haben m\u00f6chte.<br \/>\nZum Schluss die Ribs runter vom Grill und mit Alufolie abcenken, ca. 15 min. ruhen lassen, aufschneiden und GUTEN APETIT \ud83d\ude42<\/p>\n","protected":false},"excerpt":{"rendered":"<p>Zubereitungszeit: 20 min. \u00a0Grillmethode: Indirekte niedrige Hitze (120-150 C) Grillzeit: 3 &#8211; 4 Std. Zubeh\u00f6r: Spare-Rib-Halter \u00a0F\u00dcR DIE MARINADE: 250 ml s\u00fc\u00dfe Chilisauce (Asia-Laden) 250 ml Wasser Abgeriebene Schale von 3 Bio-Limetten 5 ml frisch gepresster Limettensaft 4 gro\u00dfe Knoblauchzehen, gesch\u00e4lt 4 EL Sojasauce 3 EL grob gehackter frischer Ingwer 3 Baby Back Ribs aus &hellip; <\/p>\n","protected":false},"author":1,"featured_media":0,"parent":1949,"menu_order":2,"comment_status":"open","ping_status":"open","template":"","meta":{"spay_email":""},"jetpack_likes_enabled":true,"jetpack_sharing_enabled":true,"_links":{"self":[{"href":"http:\/\/www.muelka.com\/index.php?rest_route=\/wp\/v2\/pages\/1961"}],"collection":[{"href":"http:\/\/www.muelka.com\/index.php?rest_route=\/wp\/v2\/pages"}],"about":[{"href":"http:\/\/www.muelka.com\/index.php?rest_route=\/wp\/v2\/types\/page"}],"author":[{"embeddable":true,"href":"http:\/\/www.muelka.com\/index.php?rest_route=\/wp\/v2\/users\/1"}],"replies":[{"embeddable":true,"href":"http:\/\/www.muelka.com\/index.php?rest_route=%2Fwp%2Fv2%2Fcomments&post=1961"}],"version-history":[{"count":15,"href":"http:\/\/www.muelka.com\/index.php?rest_route=\/wp\/v2\/pages\/1961\/revisions"}],"predecessor-version":[{"id":2499,"href":"http:\/\/www.muelka.com\/index.php?rest_route=\/wp\/v2\/pages\/1961\/revisions\/2499"}],"up":[{"embeddable":true,"href":"http:\/\/www.muelka.com\/index.php?rest_route=\/wp\/v2\/pages\/1949"}],"wp:attachment":[{"href":"http:\/\/www.muelka.com\/index.php?rest_route=%2Fwp%2Fv2%2Fmedia&parent=1961"}],"curies":[{"name":"wp","href":"https:\/\/api.w.org\/{rel}","templated":true}]}}