{"id":2091,"date":"2012-10-02T11:23:34","date_gmt":"2012-10-02T10:23:34","guid":{"rendered":"http:\/\/www.muelka.com\/?page_id=2091"},"modified":"2017-08-27T13:12:50","modified_gmt":"2017-08-27T12:12:50","slug":"movie","status":"publish","type":"page","link":"http:\/\/www.muelka.com\/?page_id=2091","title":{"rendered":"Filme &#038; Serien"},"content":{"rendered":"<p>Ab jetzt ist hier eine Zusammenstellung mit Wertung der gesehen Filme und Serien zu sehen. Wer es nicht abwarten kann&nbsp;<strong>mich<\/strong> ins Kino einladen zu wollen, der hat die M\u00f6glichkeit unten einen Kommentar abzugeben. K\u00fcmmere mich auch um die Getr\u00e4nke \ud83d\ude09<\/p>\n<h1 class=\"entry-title\"><span style=\"text-decoration: underline;\">Mein Bewertungssystem<\/span><\/h1>\n<p>Ich habe mich f\u00fcr ein 10 Punkte-System entschieden.&nbsp;<br \/>\nWof\u00fcr stehen die einzelnen Punkte in meinem Bewertungssystem?<\/p>\n<table border=\"0\" width=\"445\">\n<tbody>\n<tr>\n<td width=\"100\"><strong>1 Punkt:<\/strong><\/td>\n<td width=\"345\">Der Film ist totaler M\u00fcll. Hier stimmt wirklich so gut wie gar nichts.<\/td>\n<\/tr>\n<tr>\n<td><strong>2 Punkte:<\/strong><\/td>\n<td>Es mag ein paar positive Aspekte geben, oder doch nicht.<\/td>\n<\/tr>\n<tr>\n<td><strong>3 Punkte:<\/strong><\/td>\n<td>Der Film hat ein paar unterhaltsame Momente, jedoch nur f\u00fcr Genrefans .<\/td>\n<\/tr>\n<tr>\n<td><strong>4 Punkte:<\/strong><\/td>\n<td>Die Menge an \u00e4rgerlichen und unterhaltsamen Momenten n\u00e4hert sich an. Insgesamt jedoch nichts, f\u00fcr das man seine Zeit opfern sollte.<\/td>\n<\/tr>\n<tr>\n<td><strong>5 Punkte:<\/strong><\/td>\n<td>Genrefans k\u00f6nnen mit dem Film Spa\u00df haben, alle anderen sollten sich eine Sichtung lieber zweimal \u00fcberlegen.<\/td>\n<\/tr>\n<tr>\n<td><strong>6 Punkte:<\/strong><\/td>\n<td>Kann man sich als Zeitvertreib gut ansehen, ist meist jedoch schnell wieder vergessen. Kein Film f\u00fcr die Ewigkeit.<\/td>\n<\/tr>\n<tr>\n<td><strong>7 Punkte:<\/strong><\/td>\n<td>Genrefans sollten auf jeden Fall reinschauen und alle anderen d\u00fcrften zumindest gut unterhalten werden.<\/td>\n<\/tr>\n<tr>\n<td><strong>8 Punkte:<\/strong><\/td>\n<td>Ein sehr guter Film, der jedoch ein paar kleinere Unstimmigkeiten beinhalten kann. Ein gelungener Filmabend ist auf jeden Fall garantiert.<\/td>\n<\/tr>\n<tr>\n<td><strong>9 Punkte:<\/strong><\/td>\n<td>Gro\u00dfes Kino. Sollte man sich keinesfalls entgehen lassen, selbst wenn das Genre sonst nicht zum pers\u00f6nlichen Sichtungsspektrum geh\u00f6rt.<\/td>\n<\/tr>\n<tr>\n<td><strong>10 Punkte:<\/strong><\/td>\n<td>So gut wie perfekt. Ein Pflichtfilm f\u00fcr jedermann. Kino, das bewegt und mitrei\u00dft \u2013 und im Idealfall noch Tage nach der Sichtung wirkt. Ein echtes Erlebnis.<\/td>\n<\/tr>\n<tr>\n<td><strong>Lieblingsfilm:<\/strong><\/td>\n<td>Dieses Pr\u00e4dikat bekommen von mir Filme verliehen, die sich mir tief ins filmische Herz gespielt haben. Filme zum immer wieder sehen. Filme zum teilen. Filme zum lieben.<\/td>\n<\/tr>\n<\/tbody>\n<\/table>\n","protected":false},"excerpt":{"rendered":"<p>Ab jetzt ist hier eine Zusammenstellung mit Wertung der gesehen Filme und Serien zu sehen. Wer es nicht abwarten kann&nbsp;mich ins Kino einladen zu wollen, der hat die M\u00f6glichkeit unten einen Kommentar abzugeben. K\u00fcmmere mich auch um die Getr\u00e4nke \ud83d\ude09 Mein Bewertungssystem Ich habe mich f\u00fcr ein 10 Punkte-System entschieden.&nbsp; Wof\u00fcr stehen die einzelnen Punkte &hellip; <\/p>\n","protected":false},"author":1,"featured_media":0,"parent":0,"menu_order":0,"comment_status":"open","ping_status":"open","template":"","meta":{"spay_email":""},"jetpack_likes_enabled":true,"jetpack_sharing_enabled":true,"_links":{"self":[{"href":"http:\/\/www.muelka.com\/index.php?rest_route=\/wp\/v2\/pages\/2091"}],"collection":[{"href":"http:\/\/www.muelka.com\/index.php?rest_route=\/wp\/v2\/pages"}],"about":[{"href":"http:\/\/www.muelka.com\/index.php?rest_route=\/wp\/v2\/types\/page"}],"author":[{"embeddable":true,"href":"http:\/\/www.muelka.com\/index.php?rest_route=\/wp\/v2\/users\/1"}],"replies":[{"embeddable":true,"href":"http:\/\/www.muelka.com\/index.php?rest_route=%2Fwp%2Fv2%2Fcomments&post=2091"}],"version-history":[{"count":69,"href":"http:\/\/www.muelka.com\/index.php?rest_route=\/wp\/v2\/pages\/2091\/revisions"}],"predecessor-version":[{"id":4427,"href":"http:\/\/www.muelka.com\/index.php?rest_route=\/wp\/v2\/pages\/2091\/revisions\/4427"}],"wp:attachment":[{"href":"http:\/\/www.muelka.com\/index.php?rest_route=%2Fwp%2Fv2%2Fmedia&parent=2091"}],"curies":[{"name":"wp","href":"https:\/\/api.w.org\/{rel}","templated":true}]}}