{"id":2785,"date":"2013-05-02T12:34:15","date_gmt":"2013-05-02T11:34:15","guid":{"rendered":"http:\/\/www.muelka.com\/?page_id=2785"},"modified":"2013-05-08T10:54:36","modified_gmt":"2013-05-08T09:54:36","slug":"bacon-bomb","status":"publish","type":"page","link":"http:\/\/www.muelka.com\/?page_id=2785","title":{"rendered":"Bacon Bomb >NEW<"},"content":{"rendered":"<p><strong><a href=\"https:\/\/i2.wp.com\/www.muelka.com\/wp-content\/uploads\/CIMG4050.jpg\"><img loading=\"lazy\" class=\"alignright size-thumbnail wp-image-2790\" alt=\"CIMG4050\" src=\"https:\/\/i2.wp.com\/www.muelka.com\/wp-content\/uploads\/CIMG4050-150x150.jpg?resize=150%2C150\" width=\"150\" height=\"150\" data-recalc-dims=\"1\" \/><\/a>Zutaten:<\/strong><\/p>\n<p>1kg Hackfleisch (wir haben Rind genommen)<br \/>\n4 &#8211; 6 EL BBQ Rub<br \/>\n3 Packungen Bacon<br \/>\n5 gro\u00dfe Jalapeno<br \/>\n250g geriebener Cheddar (Foto: Geriebener Emmentaler)<br \/>\nBBQ Sauce<\/p>\n<p>&nbsp;<\/p>\n<p><strong>BBQ-Rub <\/strong>(Gew\u00fcrzmischung)<\/p>\n<p><a href=\"https:\/\/i1.wp.com\/www.muelka.com\/wp-content\/uploads\/CIMG4053.jpg\"><img loading=\"lazy\" class=\"alignright size-thumbnail wp-image-2792\" alt=\"CIMG4053\" src=\"https:\/\/i1.wp.com\/www.muelka.com\/wp-content\/uploads\/CIMG4053-150x150.jpg?resize=150%2C150\" width=\"150\" height=\"150\" data-recalc-dims=\"1\" \/><\/a>1\/4 Kaffeetasse brauner Zucker (eigentlich 1\/2 Tasse, aber wir m\u00f6gen es nicht ganz so s\u00fc\u00df)<br \/>\n1\/3 Kaffeetasse Paprikapulver<br \/>\n2 EL granulierter Knoblauch<br \/>\n3 EL schwarzer Pfeffer<br \/>\n2EL Koriandersaat<br \/>\n1 EL Jodalz<br \/>\n2 EL Meersalz<\/p>\n<p>&nbsp;<\/p>\n<p><strong>Zubereitung:<\/strong><\/p>\n<p><a href=\"https:\/\/i1.wp.com\/www.muelka.com\/wp-content\/uploads\/CIMG4061.jpg\"><img loading=\"lazy\" class=\"alignright size-thumbnail wp-image-2795\" alt=\"CIMG4061\" src=\"https:\/\/i1.wp.com\/www.muelka.com\/wp-content\/uploads\/CIMG4061-150x150.jpg?resize=150%2C150\" width=\"150\" height=\"150\" data-recalc-dims=\"1\" \/><\/a>1. Ein Bacon-Gitter legen (wir haben 5 Scheiben nebeneinander gelegt)<\/p>\n<p>2. \u00dcbrige Baconscheiben einzeln in die Pfanne legen, bis sie knusprig sind und in kleine St\u00fccke schneiden<\/p>\n<p>3. Gew\u00fcrzmischung (am besten 4 EL) in das Hackfleisch geben und kneten, bis alles gleichm\u00e4\u00dfig verteilt ist<\/p>\n<p>4. Das gew\u00fcrzte Hackfleisch gleichm\u00e4\u00dfig auf das Bacon-Gitter verteilen (alle Seiten etwas frei lassen)<\/p>\n<p>5. Danach die Jalapenos, die angebratenen Bacon St\u00fcckchen, die BBQ Sauce und den K\u00e4se darauf geben<\/p>\n<p><a href=\"https:\/\/i2.wp.com\/www.muelka.com\/wp-content\/uploads\/CIMG4064.jpg\"><img loading=\"lazy\" class=\"alignright size-thumbnail wp-image-2796\" alt=\"CIMG4064\" src=\"https:\/\/i2.wp.com\/www.muelka.com\/wp-content\/uploads\/CIMG4064-150x150.jpg?resize=150%2C150\" width=\"150\" height=\"150\" data-recalc-dims=\"1\" \/><\/a>6. Vorsichtig zusammenrollen<\/p>\n<p>7. Mit ca. 2 EL BBQ-Rub die Bacon Bomb einreiben<\/p>\n<p>8. Auf den Grill geben bei indirekter Hitze 120-130C und warten bis das Hackfleisch eine Kerntemperatur von ca. 70C hat.<\/p>\n<p>9. Kurz vor Ende noch einmal mit BBQ-Sauce bestreichen (f\u00fcr eine &#8222;knusprig&#8220; leckere Glasur)<\/p>\n<p>&nbsp;<\/p>\n<p>Die gezeigten Fotos zeigen unser ersten Bacon Bomb Abenteuer, wir werden das n\u00e4chste mal etwas mehr Jalapenos, BBQ-Sauce und K\u00e4se verwenden !<br \/>\nUnd ja, wir haben innen die BBQ-Sauce vergessen ^^. War trotzdem lecker \ud83d\ude42<\/p>\n<p><a href=\"https:\/\/i2.wp.com\/www.muelka.com\/wp-content\/uploads\/CIMG4066.jpg\"><img loading=\"lazy\" class=\"alignnone size-large wp-image-2797\" alt=\"CIMG4066\" src=\"https:\/\/i2.wp.com\/www.muelka.com\/wp-content\/uploads\/CIMG4066-1024x768.jpg?resize=647%2C485\" width=\"647\" height=\"485\" data-recalc-dims=\"1\" \/><\/a><\/p>\n","protected":false},"excerpt":{"rendered":"<p>Zutaten: 1kg Hackfleisch (wir haben Rind genommen) 4 &#8211; 6 EL BBQ Rub 3 Packungen Bacon 5 gro\u00dfe Jalapeno 250g geriebener Cheddar (Foto: Geriebener Emmentaler) BBQ Sauce &nbsp; BBQ-Rub (Gew\u00fcrzmischung) 1\/4 Kaffeetasse brauner Zucker (eigentlich 1\/2 Tasse, aber wir m\u00f6gen es nicht ganz so s\u00fc\u00df) 1\/3 Kaffeetasse Paprikapulver 2 EL granulierter Knoblauch 3 EL schwarzer &hellip; <\/p>\n","protected":false},"author":1,"featured_media":0,"parent":1949,"menu_order":5,"comment_status":"open","ping_status":"open","template":"","meta":{"spay_email":""},"jetpack_likes_enabled":true,"jetpack_sharing_enabled":true,"_links":{"self":[{"href":"http:\/\/www.muelka.com\/index.php?rest_route=\/wp\/v2\/pages\/2785"}],"collection":[{"href":"http:\/\/www.muelka.com\/index.php?rest_route=\/wp\/v2\/pages"}],"about":[{"href":"http:\/\/www.muelka.com\/index.php?rest_route=\/wp\/v2\/types\/page"}],"author":[{"embeddable":true,"href":"http:\/\/www.muelka.com\/index.php?rest_route=\/wp\/v2\/users\/1"}],"replies":[{"embeddable":true,"href":"http:\/\/www.muelka.com\/index.php?rest_route=%2Fwp%2Fv2%2Fcomments&post=2785"}],"version-history":[{"count":11,"href":"http:\/\/www.muelka.com\/index.php?rest_route=\/wp\/v2\/pages\/2785\/revisions"}],"predecessor-version":[{"id":2787,"href":"http:\/\/www.muelka.com\/index.php?rest_route=\/wp\/v2\/pages\/2785\/revisions\/2787"}],"up":[{"embeddable":true,"href":"http:\/\/www.muelka.com\/index.php?rest_route=\/wp\/v2\/pages\/1949"}],"wp:attachment":[{"href":"http:\/\/www.muelka.com\/index.php?rest_route=%2Fwp%2Fv2%2Fmedia&parent=2785"}],"curies":[{"name":"wp","href":"https:\/\/api.w.org\/{rel}","templated":true}]}}