{"id":3577,"date":"2013-11-05T10:44:21","date_gmt":"2013-11-05T10:44:21","guid":{"rendered":"http:\/\/www.muelka.com\/?page_id=3577"},"modified":"2014-01-04T15:37:32","modified_gmt":"2014-01-04T14:37:32","slug":"devils-curry-testseite","status":"publish","type":"page","link":"http:\/\/www.muelka.com\/?page_id=3577","title":{"rendered":"Devils Curry >New<"},"content":{"rendered":"<p><img loading=\"lazy\" class=\"aligncenter size-full wp-image-3711\" alt=\"CIMG4205_1_1\" src=\"https:\/\/i1.wp.com\/www.muelka.com\/wp-content\/uploads\/CIMG4205_1_1.jpg?resize=800%2C200\" width=\"800\" height=\"200\" data-recalc-dims=\"1\" \/><\/p>\n<p><strong>Devil&#8217;s Curry &#8211; Teufelscurry<\/strong><\/p>\n<p>Dieses Gericht ist klassisch Malaysisch, aromatisch und &#8222;ch\u00f6n charf&#8220;. Ich habe es auf der Website <a href=\"http:\/\/www.rasamalaysia.com\" target=\"_blank\">www.rasamalaysia.com<\/a> gefunden &#8211; da st\u00f6bere ich \u00f6fter mal nach Ideen wenn ich eine Kochblockade habe.<br \/>\nF\u00fcr dieses Gericht wird eine Gew\u00fcrzpaste hergestellt. Die Paste habe ich in gr\u00f6\u00dferer Menge hergestellt, der Rest h\u00e4lt sich im Schraubglas im K\u00fchlschrank eine Weile oder kann auch in kleineren Portionen eingefroren werden.<\/p>\n<p><strong><span style=\"text-decoration: underline;\">Gew\u00fcrzpaste<\/span><\/strong><\/p>\n<p>22 getrocknete gro\u00dfe Chilis, entkernt (Handschuhe!!) und eine halbe Stunde in Wasser eingeweicht<br \/>\n2 Zwiebeln, grob gehackt<br \/>\n5 Knoblauchzehen, grob gehackt<br \/>\n3 Stengel Zitronengras, in d\u00fcnnen Scheiben (nur den wei\u00dfen Teil)<br \/>\n1 Essl\u00f6ffel gehackten Ingwer<br \/>\n1 Essl\u00f6ffel gehackten Galgant<br \/>\netwa 1 TL gehackte Kurkumawurzel (Handschuhe!! die Finger bleiben tagelang gelb)<br \/>\n80 ml Sonnenblumen\u00f6l<br \/>\n1-2 Essl\u00f6ffel Wasser<\/p>\n<p><strong><span style=\"text-decoration: underline;\">\u00dcbrige Zutaten<\/span><\/strong><\/p>\n<p>1 Teel\u00f6ffen Senfsamen<br \/>\n350 Gramm H\u00fchnerfleisch, am besten sind ausgel\u00f6ste Schenkel, in mundgerechten St\u00fccken<br \/>\n250 Gramm Kartoffeln, gesch\u00e4lt und in St\u00fccke geschnitten<br \/>\n200 ml Wasser<br \/>\nSalz und Zucker zum abschmecken<br \/>\nTamarindenpaste zum abschmecken<br \/>\n1-2 TL Wei\u00dfweinessig zum abschmecken<br \/>\nEtwas \u00d6l<\/p>\n<p>Zutaten f\u00fcr die Paste in der Moulinette verarbeiten, dabei die \u00d6l- und Wassermenge der Konsistenz anpassen.<br \/>\n\u00d6l in einem Topf erhitzen, Senfsamen dazu und abwarten bis die Samen anfangen lustige Ger\u00e4usche von sich zu geben. Etwas von der Paste hinzugeben und anr\u00f6sten. Wir haben mit 2 Essl\u00f6ffeln angefangen und dann sp\u00e4ter beim Abschmecken nochmal ein bisschen nachgelegt.<br \/>\nNach etwa 10 Minuten das Fleisch dazugeben und mit der anger\u00f6steten Paste vermischen, etwa 5 Minuten weitergaren lassen. Jetzt die Kartoffelst\u00fccke dazugeben, diese sollten nicht zu riesig sein damit man das Gericht nicht so lange kochen muss. Dabei k\u00f6nnte sonst das H\u00fchnerfleisch trocken werden. Wasser dazu &#8211; der Topfinhalt sollte nur knapp bedeckt sein. Mit etwas Salz und Zucker abschmecken, Deckel drauf und k\u00f6cheln lassen (aber nicht kochen wie wild) bis die Kartoffeln gar sind.<\/p>\n<p>Nochmal abschmecken. Jetzt kommt der Tamarindenextrakt ins Spiel, und auch eigentlich der Essig. Ich mag Tamarinde unheimlich gern und habe davon mehr genommen und daf\u00fcr keinen Essig (Asche auf mein Haupt). Auch hier muss man sich rantasten, das Gericht soll eine s\u00e4uerliche Note haben.<\/p>\n<p>Das Ganze wird dann mit Reis serviert.<\/p>\n<p>Hier setzt aber meine pers\u00f6nliche Kreativit\u00e4t ein&#8230; f\u00fcr Deutsche bilden ja Kartoffeln mit Reis quasi ein Gericht ohne Gem\u00fcse. Ich habe aber gerne noch etwas Gem\u00fcse im Essen und habe mir die Freiheit genommen, ein paar angebratene frische Champigonscheiben dazuzuwerfen und f\u00fcrs gr\u00fcne Auge Sojabohnenkerne. Ich liebe Sojabohnenkerne &#8211; die gibt&#8217;s im Asialaden gefroren zu kaufen, entweder noch in der Schote (z.B. f\u00fcr Edamame wie beim Japaner) oder auch schon ausgel\u00f6st. Besonders die ausgel\u00f6sten haben es mir angetan &#8211; ein Griff in die TK T\u00fcte, eine Handvoll davon ans Essen und fertig.<\/p>\n<p><img loading=\"lazy\" class=\"aligncenter size-full wp-image-3712\" alt=\"CIMG4205_1\" src=\"https:\/\/i2.wp.com\/www.muelka.com\/wp-content\/uploads\/CIMG4205_1.jpg?resize=800%2C600\" width=\"800\" height=\"600\" data-recalc-dims=\"1\" \/><\/p>\n","protected":false},"excerpt":{"rendered":"<p>Devil&#8217;s Curry &#8211; Teufelscurry Dieses Gericht ist klassisch Malaysisch, aromatisch und &#8222;ch\u00f6n charf&#8220;. Ich habe es auf der Website www.rasamalaysia.com gefunden &#8211; da st\u00f6bere ich \u00f6fter mal nach Ideen wenn ich eine Kochblockade habe. F\u00fcr dieses Gericht wird eine Gew\u00fcrzpaste hergestellt. Die Paste habe ich in gr\u00f6\u00dferer Menge hergestellt, der Rest h\u00e4lt sich im Schraubglas &hellip; <\/p>\n","protected":false},"author":1,"featured_media":0,"parent":3550,"menu_order":1,"comment_status":"open","ping_status":"open","template":"","meta":{"spay_email":""},"jetpack_likes_enabled":true,"jetpack_sharing_enabled":true,"_links":{"self":[{"href":"http:\/\/www.muelka.com\/index.php?rest_route=\/wp\/v2\/pages\/3577"}],"collection":[{"href":"http:\/\/www.muelka.com\/index.php?rest_route=\/wp\/v2\/pages"}],"about":[{"href":"http:\/\/www.muelka.com\/index.php?rest_route=\/wp\/v2\/types\/page"}],"author":[{"embeddable":true,"href":"http:\/\/www.muelka.com\/index.php?rest_route=\/wp\/v2\/users\/1"}],"replies":[{"embeddable":true,"href":"http:\/\/www.muelka.com\/index.php?rest_route=%2Fwp%2Fv2%2Fcomments&post=3577"}],"version-history":[{"count":9,"href":"http:\/\/www.muelka.com\/index.php?rest_route=\/wp\/v2\/pages\/3577\/revisions"}],"predecessor-version":[{"id":3849,"href":"http:\/\/www.muelka.com\/index.php?rest_route=\/wp\/v2\/pages\/3577\/revisions\/3849"}],"up":[{"embeddable":true,"href":"http:\/\/www.muelka.com\/index.php?rest_route=\/wp\/v2\/pages\/3550"}],"wp:attachment":[{"href":"http:\/\/www.muelka.com\/index.php?rest_route=%2Fwp%2Fv2%2Fmedia&parent=3577"}],"curies":[{"name":"wp","href":"https:\/\/api.w.org\/{rel}","templated":true}]}}