{"id":4561,"date":"2015-04-26T12:47:56","date_gmt":"2015-04-26T11:47:56","guid":{"rendered":"http:\/\/www.muelka.com\/?page_id=4561"},"modified":"2015-04-27T15:12:23","modified_gmt":"2015-04-27T14:12:23","slug":"muelkas-bbq-cherryexplosion","status":"publish","type":"page","link":"http:\/\/www.muelka.com\/?page_id=4561","title":{"rendered":"Muelkas BBQ CherryExplosion"},"content":{"rendered":"<p>Original von <a href=\"http:\/\/oldmountainbbq.com\/2013\/08\/01\/ribbers-cherryxplosion\/\" target=\"_blank\">OldMountainBBQ<\/a><\/p>\n<p><a href=\"https:\/\/i2.wp.com\/www.muelka.com\/wp-content\/uploads\/20150425_105925.jpg\"><img loading=\"lazy\" class=\"aligncenter wp-image-4563\" src=\"https:\/\/i2.wp.com\/www.muelka.com\/wp-content\/uploads\/20150425_105925.jpg?resize=600%2C337\" alt=\"20150425_105925\" width=\"600\" height=\"337\" data-recalc-dims=\"1\" \/><\/a><\/p>\n<p><strong>CherryExplosion &#8211; Bourbon flavored Cherry Chipotle BBQ Sauce<\/strong><\/p>\n<p><strong>Zutaten:<\/strong><\/p>\n<p>2 Glas Sauerkirschen, entsteint (je 680g \/ 350g Abtropfgewicht)<br \/>\n2 Liter Cherry Coke<br \/>\n2 Zwiebeln<br \/>\n6 Knoblauchzehen, gehackt<br \/>\n600 ml Whiskey<br \/>\n1 Dose Chipotle in Adobo (wir haben den\u00a0Doseninhalt separat p\u00fcriert und die H\u00e4lfte davon genommen)<br \/>\n3 &#8211; 4 EL Worchestershire Sauce<br \/>\nLiquid Smoke (Fl\u00fcssigrauch) &#8211; optional<br \/>\n3 &#8211; 4 EL Selleriesalz<br \/>\n2 EL Ingwerpulver<br \/>\n2 EL Rosmarinpulver<br \/>\n2 EL ger\u00e4uchertes Paprikapulver (mild)<br \/>\n1,5 Liter Ketchup<br \/>\n500 g Kirschmarmelade<br \/>\nSalz<\/p>\n<p><strong>Zubereitung:<\/strong><\/p>\n<p>2 EL Schweineschmalz (wir haben dazu das ausgebratene Fett unseres Bacon-Jam genommen, guter Ersatz und man spart sich den Fl\u00fcssigrauch) erhitzen und darin die gew\u00fcrfelten Zwiebeln glasig d\u00fcnsten. Den Knoblauch dazu geben und und kurz mit and\u00fcnsten lassen. Mit ca. 600 ml Whiskey abl\u00f6schen.<br \/>\nW\u00e4hrend man die Zwiebeln and\u00fcnstet, kann man die Kirschen in ein Sieb geben und den Saft in einer Schale auffangen. Die Kirschen unbedingt nach Kirschkernen durchsuchen (Kirschkerne geben seltsamen Geschmack ab und sind nicht gut f\u00fcr den Stabmixer), am besten man &#8222;matscht&#8220; sie schon ein bisschen mit den H\u00e4nden und stellt so am besten fest, ob welche vorhanden sind.<\/p>\n<p>Die Kirschen, den Kirschsaft und die Cherry Coke in den Topf mit den anged\u00fcnsteten Zwiebeln\/Knoblauch und dem Whiskey geben und einmal aufkochen lassen. Die Chipotle (Menge euch \u00fcberlassen) und 3-4 EL Worchestershire Sauce zugeben und ca. 2 Stunden auf die H\u00e4lfte einreduzieren lassen.<\/p>\n<p>Die Sauce w\u00fcrzt ihr nach den 2 Stunden noch mit 4 EL Selleriesalz, 2 EL Ingwerpulver, \u00a02 EL Rosmarinpulver und 2 EL ger\u00e4uchtertem Paprikapulver und p\u00fcriert sie mit dem Zauberstab. Die Sauce noch einmal unter R\u00fchren aufkochen lassen. Jetzt die 1,5 Liter Ketchup und die Kirschmarmelade dazu geben, noch einmal sorgf\u00e4ltig p\u00fcrieren und gegebenenfalls noch einmal abschmecken.<\/p>\n<p>In Gl\u00e4ser oder Flaschen abf\u00fcllen, und wenn es euch nicht zu viel Arbeit ist die vollen Gl\u00e4ser\/Flaschen einkochen. Damit h\u00e4lt es sich noch ein bisschen l\u00e4nger !!!<br \/>\nDiese Menge reicht um Freunde und Verwandte zu beschenken und selbst gut \u00fcber den Sommer zu kommen. K\u00f6nnt nat\u00fcrlich auch von allem nur die H\u00e4lfte verwenden, wenn ihr nicht gleich so eine gro\u00dfe Menge herstellen wollt.<br \/>\nPasst gut zu gegrilltem vom Schwein, am besten aber zu Ribs.<\/p>\n<p><a href=\"https:\/\/i0.wp.com\/www.muelka.com\/wp-content\/uploads\/20150425_185801_1.jpg\" target=\"_blank\"><img loading=\"lazy\" class=\"aligncenter wp-image-4574 size-full\" src=\"https:\/\/i0.wp.com\/www.muelka.com\/wp-content\/uploads\/20150425_185801_1.jpg?resize=900%2C506\" alt=\"20150425_185801_1\" width=\"900\" height=\"506\" data-recalc-dims=\"1\" \/><\/a><\/p>\n<p>&nbsp;<\/p>\n","protected":false},"excerpt":{"rendered":"<p>Original von OldMountainBBQ CherryExplosion &#8211; Bourbon flavored Cherry Chipotle BBQ Sauce Zutaten: 2 Glas Sauerkirschen, entsteint (je 680g \/ 350g Abtropfgewicht) 2 Liter Cherry Coke 2 Zwiebeln 6 Knoblauchzehen, gehackt 600 ml Whiskey 1 Dose Chipotle in Adobo (wir haben den\u00a0Doseninhalt separat p\u00fcriert und die H\u00e4lfte davon genommen) 3 &#8211; 4 EL Worchestershire Sauce Liquid &hellip; <\/p>\n","protected":false},"author":70,"featured_media":0,"parent":0,"menu_order":0,"comment_status":"open","ping_status":"open","template":"","meta":{"spay_email":""},"jetpack_likes_enabled":true,"jetpack_sharing_enabled":true,"_links":{"self":[{"href":"http:\/\/www.muelka.com\/index.php?rest_route=\/wp\/v2\/pages\/4561"}],"collection":[{"href":"http:\/\/www.muelka.com\/index.php?rest_route=\/wp\/v2\/pages"}],"about":[{"href":"http:\/\/www.muelka.com\/index.php?rest_route=\/wp\/v2\/types\/page"}],"author":[{"embeddable":true,"href":"http:\/\/www.muelka.com\/index.php?rest_route=\/wp\/v2\/users\/70"}],"replies":[{"embeddable":true,"href":"http:\/\/www.muelka.com\/index.php?rest_route=%2Fwp%2Fv2%2Fcomments&post=4561"}],"version-history":[{"count":6,"href":"http:\/\/www.muelka.com\/index.php?rest_route=\/wp\/v2\/pages\/4561\/revisions"}],"predecessor-version":[{"id":4576,"href":"http:\/\/www.muelka.com\/index.php?rest_route=\/wp\/v2\/pages\/4561\/revisions\/4576"}],"wp:attachment":[{"href":"http:\/\/www.muelka.com\/index.php?rest_route=%2Fwp%2Fv2%2Fmedia&parent=4561"}],"curies":[{"name":"wp","href":"https:\/\/api.w.org\/{rel}","templated":true}]}}