{"id":615,"date":"2011-03-23T14:45:04","date_gmt":"2011-03-23T13:45:04","guid":{"rendered":"http:\/\/www.muelka.com\/?page_id=615"},"modified":"2011-11-14T14:42:05","modified_gmt":"2011-11-14T13:42:05","slug":"bahama-mama","status":"publish","type":"page","link":"http:\/\/www.muelka.com\/?page_id=615","title":{"rendered":"Bahama Mama"},"content":{"rendered":"<p>2cl Brauner Rum<br \/>\n2cl Wei\u00dfer Rum<br \/>\n2cl Havana Club 3 Jahre<br \/>\n2cl Malibu<br \/>\n4cl Ananassaft<br \/>\n4cl Orangensaft<br \/>\n1cl Zitronensaft<br \/>\n2-3 Spritzer Grenadine<\/p>\n<p>Alle Zutaten mit Crushed Ice im Shaker sch\u00fctteln und mit ein paar Eisw\u00fcrfel in ein Longdrinkglas geben, anschlie\u00dfend dekorieren.<\/p>\n","protected":false},"excerpt":{"rendered":"<p>2cl Brauner Rum 2cl Wei\u00dfer Rum 2cl Havana Club 3 Jahre 2cl Malibu 4cl Ananassaft 4cl Orangensaft 1cl Zitronensaft 2-3 Spritzer Grenadine Alle Zutaten mit Crushed Ice im Shaker sch\u00fctteln und mit ein paar Eisw\u00fcrfel in ein Longdrinkglas geben, anschlie\u00dfend dekorieren.<\/p>\n","protected":false},"author":1,"featured_media":0,"parent":1405,"menu_order":9,"comment_status":"open","ping_status":"open","template":"","meta":{"spay_email":""},"jetpack_likes_enabled":true,"jetpack_sharing_enabled":true,"_links":{"self":[{"href":"http:\/\/www.muelka.com\/index.php?rest_route=\/wp\/v2\/pages\/615"}],"collection":[{"href":"http:\/\/www.muelka.com\/index.php?rest_route=\/wp\/v2\/pages"}],"about":[{"href":"http:\/\/www.muelka.com\/index.php?rest_route=\/wp\/v2\/types\/page"}],"author":[{"embeddable":true,"href":"http:\/\/www.muelka.com\/index.php?rest_route=\/wp\/v2\/users\/1"}],"replies":[{"embeddable":true,"href":"http:\/\/www.muelka.com\/index.php?rest_route=%2Fwp%2Fv2%2Fcomments&post=615"}],"version-history":[{"count":2,"href":"http:\/\/www.muelka.com\/index.php?rest_route=\/wp\/v2\/pages\/615\/revisions"}],"predecessor-version":[{"id":1422,"href":"http:\/\/www.muelka.com\/index.php?rest_route=\/wp\/v2\/pages\/615\/revisions\/1422"}],"up":[{"embeddable":true,"href":"http:\/\/www.muelka.com\/index.php?rest_route=\/wp\/v2\/pages\/1405"}],"wp:attachment":[{"href":"http:\/\/www.muelka.com\/index.php?rest_route=%2Fwp%2Fv2%2Fmedia&parent=615"}],"curies":[{"name":"wp","href":"https:\/\/api.w.org\/{rel}","templated":true}]}}