{"id":657,"date":"2011-03-23T15:38:45","date_gmt":"2011-03-23T14:38:45","guid":{"rendered":"http:\/\/www.muelka.com\/?page_id=657"},"modified":"2011-11-14T14:41:19","modified_gmt":"2011-11-14T13:41:19","slug":"zombie","status":"publish","type":"page","link":"http:\/\/www.muelka.com\/?page_id=657","title":{"rendered":"Zombie"},"content":{"rendered":"<p><strong>Zutaten:<\/strong><\/p>\n<p>2 cl hochprozentiger Rum<br \/>\n2 cl wei\u00dfer Rum<br \/>\n2 cl brauner Rum<br \/>\n2 cl Kirschlik\u00f6r<br \/>\n4 cl Orangensaft<br \/>\n4 cl Ananassaft<br \/>\n3 cl Zitronensaft<br \/>\n1-2 cl Grenadine<\/p>\n<p><strong>Zubereitung:<\/strong><\/p>\n<p>1. Alle Zutaten mit ein paar Eisw\u00fcrfeln zusammen shaken (~10 Sekunden).<br \/>\n2. 3-4 Eisw\u00fcrfel in ein Glas geben und den Cocktailshaker durch ein Barsieb in das Glas abgie\u00dfen.<br \/>\n3. Anschlie\u00dfend den Cocktail nach Belieben garnieren (z.B. mit einer Orangenscheibe) und mit einem Strohhalm servieren.<\/p>\n","protected":false},"excerpt":{"rendered":"<p>Zutaten: 2 cl hochprozentiger Rum 2 cl wei\u00dfer Rum 2 cl brauner Rum 2 cl Kirschlik\u00f6r 4 cl Orangensaft 4 cl Ananassaft 3 cl Zitronensaft 1-2 cl Grenadine Zubereitung: 1. Alle Zutaten mit ein paar Eisw\u00fcrfeln zusammen shaken (~10 Sekunden). 2. 3-4 Eisw\u00fcrfel in ein Glas geben und den Cocktailshaker durch ein Barsieb in das &hellip; <\/p>\n","protected":false},"author":1,"featured_media":0,"parent":1405,"menu_order":8,"comment_status":"open","ping_status":"open","template":"","meta":{"spay_email":""},"jetpack_likes_enabled":true,"jetpack_sharing_enabled":true,"_links":{"self":[{"href":"http:\/\/www.muelka.com\/index.php?rest_route=\/wp\/v2\/pages\/657"}],"collection":[{"href":"http:\/\/www.muelka.com\/index.php?rest_route=\/wp\/v2\/pages"}],"about":[{"href":"http:\/\/www.muelka.com\/index.php?rest_route=\/wp\/v2\/types\/page"}],"author":[{"embeddable":true,"href":"http:\/\/www.muelka.com\/index.php?rest_route=\/wp\/v2\/users\/1"}],"replies":[{"embeddable":true,"href":"http:\/\/www.muelka.com\/index.php?rest_route=%2Fwp%2Fv2%2Fcomments&post=657"}],"version-history":[{"count":2,"href":"http:\/\/www.muelka.com\/index.php?rest_route=\/wp\/v2\/pages\/657\/revisions"}],"predecessor-version":[{"id":1420,"href":"http:\/\/www.muelka.com\/index.php?rest_route=\/wp\/v2\/pages\/657\/revisions\/1420"}],"up":[{"embeddable":true,"href":"http:\/\/www.muelka.com\/index.php?rest_route=\/wp\/v2\/pages\/1405"}],"wp:attachment":[{"href":"http:\/\/www.muelka.com\/index.php?rest_route=%2Fwp%2Fv2%2Fmedia&parent=657"}],"curies":[{"name":"wp","href":"https:\/\/api.w.org\/{rel}","templated":true}]}}